{"id":5041,"date":"2025-01-10T09:35:47","date_gmt":"2025-01-10T06:35:47","guid":{"rendered":"https:\/\/colornaturel.com\/homepage\/"},"modified":"2025-08-04T18:14:42","modified_gmt":"2025-08-04T15:14:42","slug":"homepage","status":"publish","type":"page","link":"https:\/\/colornaturel.com\/de\/","title":{"rendered":"HOMEPAGE"},"content":{"rendered":"<h2>\u2502<\/h2>\n<h2>HAARFARBE &amp; HAARPFLEGEPRODUKTE<\/h2>\n<h2>I FARBE NATUREL<\/h2>\n<p>\t\t\t\t\t\t\t\t\t\t\t\t\t\t\t\t<a href=\"https:\/\/colornaturel.com\/de\/ammoniak-haarfaerbemittel\/\"><br \/>\n\t\t\t\t\t\t\t<img fetchpriority=\"high\" decoding=\"async\" width=\"512\" height=\"512\" src=\"https:\/\/colornaturel.com\/wp-content\/uploads\/2025\/01\/paint.png\" alt=\"\" srcset=\"https:\/\/colornaturel.com\/wp-content\/uploads\/2025\/01\/paint.png 512w, https:\/\/colornaturel.com\/wp-content\/uploads\/2025\/01\/paint-300x300.png 300w, https:\/\/colornaturel.com\/wp-content\/uploads\/2025\/01\/paint-150x150.png 150w, https:\/\/colornaturel.com\/wp-content\/uploads\/2025\/01\/paint-100x100.png 100w\" sizes=\"(max-width: 512px) 100vw, 512px\" \/>\t\t\t\t\t\t\t\t<\/a><\/p>\n<h2><a href=\"https:\/\/colornaturel.com\/de\/ammoniak-haarfaerbemittel\/\">Haarfarben<\/a><\/h2>\n<p>\t\t\t\t\t\t\t\t\t\t\t\t\t\t\t\t<a href=\"https:\/\/colornaturel.com\/sac-acicilar\/\"><br \/>\n\t\t\t\t\t\t\t<img decoding=\"async\" width=\"512\" height=\"512\" src=\"https:\/\/colornaturel.com\/wp-content\/uploads\/2025\/01\/hair.png\" alt=\"\" srcset=\"https:\/\/colornaturel.com\/wp-content\/uploads\/2025\/01\/hair.png 512w, https:\/\/colornaturel.com\/wp-content\/uploads\/2025\/01\/hair-300x300.png 300w, https:\/\/colornaturel.com\/wp-content\/uploads\/2025\/01\/hair-150x150.png 150w, https:\/\/colornaturel.com\/wp-content\/uploads\/2025\/01\/hair-100x100.png 100w\" sizes=\"(max-width: 512px) 100vw, 512px\" \/>\t\t\t\t\t\t\t\t<\/a><\/p>\n<h2><a href=\"https:\/\/colornaturel.com\/sac-acicilar\/\">Haaraufheller<\/a><\/h2>\n<p>\t\t\t\t\t\t\t\t\t\t\t\t\t\t\t\t<a href=\"https:\/\/colornaturel.com\/de\/haarpflege\/\"><br \/>\n\t\t\t\t\t\t\t<img decoding=\"async\" width=\"512\" height=\"512\" src=\"https:\/\/colornaturel.com\/wp-content\/uploads\/2025\/01\/hair-1.png\" alt=\"\" srcset=\"https:\/\/colornaturel.com\/wp-content\/uploads\/2025\/01\/hair-1.png 512w, https:\/\/colornaturel.com\/wp-content\/uploads\/2025\/01\/hair-1-300x300.png 300w, https:\/\/colornaturel.com\/wp-content\/uploads\/2025\/01\/hair-1-150x150.png 150w, https:\/\/colornaturel.com\/wp-content\/uploads\/2025\/01\/hair-1-100x100.png 100w\" sizes=\"(max-width: 512px) 100vw, 512px\" \/>\t\t\t\t\t\t\t\t<\/a><\/p>\n<h2><a href=\"https:\/\/colornaturel.com\/de\/haarpflege\/\">Haarpflege<\/a><\/h2>\n<p>\t\t\t\t\t\t\t\t\t\t\t\t\t\t\t\t<a href=\"https:\/\/colornaturel.com\/de\/oxidationsmittel\/\"><br \/>\n\t\t\t\t\t\t\t<img loading=\"lazy\" decoding=\"async\" width=\"512\" height=\"512\" src=\"https:\/\/colornaturel.com\/wp-content\/uploads\/2025\/01\/hair-care.png\" alt=\"\" srcset=\"https:\/\/colornaturel.com\/wp-content\/uploads\/2025\/01\/hair-care.png 512w, https:\/\/colornaturel.com\/wp-content\/uploads\/2025\/01\/hair-care-300x300.png 300w, https:\/\/colornaturel.com\/wp-content\/uploads\/2025\/01\/hair-care-150x150.png 150w, https:\/\/colornaturel.com\/wp-content\/uploads\/2025\/01\/hair-care-100x100.png 100w\" sizes=\"(max-width: 512px) 100vw, 512px\" \/>\t\t\t\t\t\t\t\t<\/a><\/p>\n<h2><a href=\"https:\/\/colornaturel.com\/de\/oxidationsmittel\/\">Oxidationsmittel<\/a><\/h2>\n<h2>PRODUKTE DURCHSUCHEN<\/h2>\n<h2>WARUM <br \/>ICH FARBE NATUREL?<\/h2>\n<p>Unsere Produkte werden mit ammoniakfreien und unsch\u00e4dlichen Inhaltsstoffen formuliert und mit italienischem Know-how entwickelt. Diese spezielle Formulierung ist auf die Bed\u00fcrfnisse von Profis abgestimmt und bietet lang anhaltende und lebendige Farben. <\/p>\n<h3>W\u00e4hlen Sie Ihre Farbe<\/h3>\n<p>W\u00e4hlen Sie die gew\u00fcnschte Farbe und den Farbton aus unserem Katalog.  <br \/>Mit detaillierten Farboptionen f\u00fcr den professionellen Einsatz&#8230;<\/p>\n<p>\t\t\t\t\t<a href=\"https:\/\/colornaturel.com\/de\/katalog\/\"><br \/>\n\t\t\t\t\t\t\t\t\tKatalog durchsuchen<br \/>\n\t\t\t\t\t<\/a><br \/>\n\t\t\t\t\t<a href=\"https:\/\/colornaturel.com\/de\/kontakt\/\"><br \/>\n\t\t\t\t\t\t\t\t\tHolen Sie sich professionelle Hilfe<br \/>\n\t\t\t\t\t<\/a><\/p>\n<h6>Die perfektesten Haarl\u00f6sungen f\u00fcr Profis<\/h6>\n<h3>Mitmachen<\/h3>\n<p>Entdecken Sie unsere hochwertigen Haarprodukte f\u00fcr alle Ihre Stylingbed\u00fcrfnisse. Von leuchtenden Haarfarben bis hin zu sanften Blondierungen, von n\u00e4hrenden Pflegeprodukten bis hin zu essentiellen Oxidationsmitteln bieten wir ma\u00dfgeschneiderte L\u00f6sungen f\u00fcr Sie <\/p>\n<p>\t\t\t\t\t<a href=\"https:\/\/colornaturel.com\/de\/kontakt\/\"><br \/>\n\t\t\t\t\t\t\t\t\tKontaktieren Sie uns<br \/>\n\t\t\t\t\t<\/a><br \/>\n\t\t\t\t\t\t\t\t\t\t\t\t\t\t\t\t<a href=\"https:\/\/www.instagram.com\/colornaturelturkiye\/\"><br \/>\n\t\t\t\t\t\t\t<img loading=\"lazy\" decoding=\"async\" width=\"146\" height=\"140\" src=\"https:\/\/colornaturel.com\/wp-content\/uploads\/2025\/05\/ICOLORNATUREL_IG.png\" alt=\"\" \/>\t\t\t\t\t\t\t\t<\/a><\/p>\n<h2><a href=\"https:\/\/www.instagram.com\/colornaturelturkiye\/\">colornaturelturkiye<\/a><\/h2>\n<p>\t\t\t\t\t\t\t<a href=\"https:\/\/www.instagram.com\/colornaturelturkiye\"><br \/>\n\t\t\t\t\t\t\t\t\t\t\t\t\t\t<\/a><br \/>\n\t\t\t\t\t\t\t<a href=\"https:\/\/www.instagram.com\/colornaturelturkiye\"><br \/>\n\t\t\t\t\t\t\t\t\t\t\t\t\t\t<\/a><br \/>\n\t\t\t\t\t\t\t<a href=\"https:\/\/www.instagram.com\/colornaturelturkiye\"><br \/>\n\t\t\t\t\t\t\t\t\t\t\t\t\t\t<\/a><br \/>\n\t\t\t\t\t\t\t<a href=\"https:\/\/www.instagram.com\/colornaturelturkiye\"><br \/>\n\t\t\t\t\t\t\t\t\t\t\t\t\t\t<\/a><br \/>\n\t\t\t\t\t\t\t<a href=\"https:\/\/www.instagram.com\/colornaturelturkiye\"><br \/>\n\t\t\t\t\t\t\t\t\t\t\t\t\t\t<\/a><br \/>\n\t\t\t\t\t\t\t<a href=\"https:\/\/www.instagram.com\/colornaturelturkiye\"><br \/>\n\t\t\t\t\t\t\t\t\t\t\t\t\t\t<\/a><br \/>\n\t\t\t\t\t\t\t<a href=\"https:\/\/www.instagram.com\/colornaturelturkiye\"><br \/>\n\t\t\t\t\t\t\t\t\t\t\t\t\t\t<\/a><br \/>\n\t\t\t\t\t\t\t<a href=\"https:\/\/www.instagram.com\/colornaturelturkiye\"><br \/>\n\t\t\t\t\t\t\t\t\t\t\t\t\t\t<\/a><br \/>\n\t\t\t\t\t\t\t<a href=\"https:\/\/www.instagram.com\/colornaturelturkiye\"><br \/>\n\t\t\t\t\t\t\t\t\t\t\t\t\t\t<\/a><br \/>\n\t\t\t\t\t\t\t<a href=\"https:\/\/www.instagram.com\/colornaturelturkiye\"><br \/>\n\t\t\t\t\t\t\t\t\t\t\t\t\t\t<\/a><br \/>\n\t\t\t\t\t\t\t<a href=\"https:\/\/www.instagram.com\/colornaturelturkiye\"><br \/>\n\t\t\t\t\t\t\t\t\t\t\t\t\t\t<\/a><br \/>\n\t\t\t\t\t\t\t<a href=\"https:\/\/www.instagram.com\/colornaturelturkiye\"><br \/>\n\t\t\t\t\t\t\t\t\t\t\t\t\t\t<\/a><\/p>\n","protected":false},"excerpt":{"rendered":"<p>\u2502 HAARFARBE &amp; HAARPFLEGEPRODUKTE I FARBE NATUREL Haarfarben Haaraufheller Haarpflege Oxidationsmittel PRODUKTE DURCHSUCHEN WARUM ICH FARBE NATUREL? Unsere Produkte werden mit ammoniakfreien und unsch\u00e4dlichen Inhaltsstoffen formuliert und mit italienischem Know-how entwickelt. Diese spezielle Formulierung ist auf die Bed\u00fcrfnisse von Profis abgestimmt und bietet lang anhaltende und lebendige Farben. W\u00e4hlen Sie Ihre Farbe W\u00e4hlen Sie die [&hellip;]<\/p>\n","protected":false},"author":1,"featured_media":0,"parent":0,"menu_order":0,"comment_status":"closed","ping_status":"closed","template":"","meta":{"footnotes":""},"class_list":["post-5041","page","type-page","status-publish","hentry"],"_links":{"self":[{"href":"https:\/\/colornaturel.com\/de\/wp-json\/wp\/v2\/pages\/5041","targetHints":{"allow":["GET"]}}],"collection":[{"href":"https:\/\/colornaturel.com\/de\/wp-json\/wp\/v2\/pages"}],"about":[{"href":"https:\/\/colornaturel.com\/de\/wp-json\/wp\/v2\/types\/page"}],"author":[{"embeddable":true,"href":"https:\/\/colornaturel.com\/de\/wp-json\/wp\/v2\/users\/1"}],"replies":[{"embeddable":true,"href":"https:\/\/colornaturel.com\/de\/wp-json\/wp\/v2\/comments?post=5041"}],"version-history":[{"count":2,"href":"https:\/\/colornaturel.com\/de\/wp-json\/wp\/v2\/pages\/5041\/revisions"}],"predecessor-version":[{"id":5275,"href":"https:\/\/colornaturel.com\/de\/wp-json\/wp\/v2\/pages\/5041\/revisions\/5275"}],"wp:attachment":[{"href":"https:\/\/colornaturel.com\/de\/wp-json\/wp\/v2\/media?parent=5041"}],"curies":[{"name":"wp","href":"https:\/\/api.w.org\/{rel}","templated":true}]}}