{"id":5078,"date":"2025-01-10T11:29:54","date_gmt":"2025-01-10T08:29:54","guid":{"rendered":"https:\/\/colornaturel.com\/ueber-uns\/"},"modified":"2025-08-04T18:14:42","modified_gmt":"2025-08-04T15:14:42","slug":"ueber-uns","status":"publish","type":"page","link":"https:\/\/colornaturel.com\/de\/ueber-uns\/","title":{"rendered":"\u00dcber uns"},"content":{"rendered":"\t\t<div data-elementor-type=\"wp-page\" data-elementor-id=\"5078\" class=\"elementor elementor-5078 elementor-105\" data-elementor-post-type=\"page\">\n\t\t\t\t<div class=\"elementor-element elementor-element-c18e3db e-flex e-con-boxed e-con e-parent\" data-id=\"c18e3db\" data-element_type=\"container\">\n\t\t\t\t\t<div class=\"e-con-inner\">\n\t\t<div class=\"elementor-element elementor-element-352a1f3 e-con-full e-flex e-con e-child\" data-id=\"352a1f3\" data-element_type=\"container\">\n\t\t\t\t<div class=\"elementor-element elementor-element-95ad038 elementor-widget elementor-widget-image\" data-id=\"95ad038\" data-element_type=\"widget\" data-widget_type=\"image.default\">\n\t\t\t\t<div class=\"elementor-widget-container\">\n\t\t\t\t\t\t\t\t\t\t\t\t\t\t\t<img fetchpriority=\"high\" decoding=\"async\" width=\"2560\" height=\"2276\" src=\"https:\/\/colornaturel.com\/wp-content\/uploads\/2025\/08\/Abko_Logo-scaled.png\" class=\"attachment-full size-full wp-image-5274\" alt=\"\" srcset=\"https:\/\/colornaturel.com\/wp-content\/uploads\/2025\/08\/Abko_Logo-scaled.png 2560w, https:\/\/colornaturel.com\/wp-content\/uploads\/2025\/08\/Abko_Logo-300x267.png 300w, https:\/\/colornaturel.com\/wp-content\/uploads\/2025\/08\/Abko_Logo-1024x910.png 1024w, https:\/\/colornaturel.com\/wp-content\/uploads\/2025\/08\/Abko_Logo-768x683.png 768w, https:\/\/colornaturel.com\/wp-content\/uploads\/2025\/08\/Abko_Logo-1536x1366.png 1536w, https:\/\/colornaturel.com\/wp-content\/uploads\/2025\/08\/Abko_Logo-2048x1821.png 2048w, https:\/\/colornaturel.com\/wp-content\/uploads\/2025\/08\/Abko_Logo-600x533.png 600w\" sizes=\"(max-width: 2560px) 100vw, 2560px\" \/>\t\t\t\t\t\t\t\t\t\t\t\t\t\t\t<\/div>\n\t\t\t\t<\/div>\n\t\t\t\t<\/div>\n\t\t\t\t<div class=\"elementor-element elementor-element-47c383d elementor-widget__width-initial elementor-widget elementor-widget-text-editor\" data-id=\"47c383d\" data-element_type=\"widget\" data-widget_type=\"text-editor.default\">\n\t\t\t\t<div class=\"elementor-widget-container\">\n\t\t\t\t\t\t\t\t\t<p>ABKO \u0130\u00e7 ve D\u0131\u015f Ticaret Limited \u015eirketi wurde 2006 in der T\u00fcrkei gegr\u00fcndet und hat in kurzer Zeit eine wichtige Position in seinem Sektor erreicht. Dank strategischer Importe aus vielen L\u00e4ndern, vor allem aus Italien, und lokaler Produktionskapazit\u00e4ten hat das Unternehmen seine Produktpalette und sein Betriebsvolumen stetig erweitert. <\/p><p>Wir schaffen und entwickeln gemeinsam Haarkultur und gestalten die Zukunft. Diese Kultur beruht nicht nur auf \u00c4sthetik, sondern auch auf Kreativit\u00e4t, Leidenschaft und ethischen Werten. Jeder Fachmann, der sich mit uns auf diese Reise begibt, ist ein Teil unseres Verst\u00e4ndnisses von Kunst und Sch\u00f6nheit.  <\/p><p>W\u00e4hrend sich die Welt ver\u00e4ndert, leisten wir Pionierarbeit, indem wir unseren Wurzeln treu bleiben. Mit unserer von famili\u00e4ren Werten inspirierten Solidarit\u00e4t, dem Vertrauen in unsere Professionalit\u00e4t und der unbegrenzten Kreativit\u00e4t der Kunst sind wir sowohl in der T\u00fcrkei als auch international weiterhin f\u00fchrend. Mit einer Vision, die \u00fcber das Haar hinausgeht, gestalten wir gemeinsam die Zukunft der Sch\u00f6nheit und \u00c4sthetik.  <\/p>\t\t\t\t\t\t\t\t<\/div>\n\t\t\t\t<\/div>\n\t\t\t\t\t<\/div>\n\t\t\t\t<\/div>\n\t\t<div class=\"elementor-element elementor-element-c6ed441 e-flex e-con-boxed e-con e-parent\" data-id=\"c6ed441\" data-element_type=\"container\">\n\t\t\t\t\t<div class=\"e-con-inner\">\n\t\t\t\t<div class=\"elementor-element elementor-element-3042043 elementor-widget elementor-widget-google_maps\" data-id=\"3042043\" data-element_type=\"widget\" data-widget_type=\"google_maps.default\">\n\t\t\t\t<div class=\"elementor-widget-container\">\n\t\t\t\t\t\t\t<div class=\"elementor-custom-embed\">\n\t\t\t<iframe loading=\"lazy\"\n\t\t\t\t\tsrc=\"https:\/\/maps.google.com\/maps?q=ABKO%20Kaptanpa%C5%9Fa%20Mahallesi%20Halit%20Ziya%20T%C3%BCrkkan%20Sokak%20Famas%20Plaza%20C%20Blok%20No%3A19%2F2%2C%2034384%20%C5%9Ei%C5%9Fli%2F%C4%B0stanbul&#038;t=m&#038;z=10&#038;output=embed&#038;iwloc=near\"\n\t\t\t\t\ttitle=\"ABKO Kaptanpa\u015fa Mahallesi Halit Ziya T\u00fcrkkan Sokak Famas Plaza C Blok No:19\/2, 34384 \u015ei\u015fli\/\u0130stanbul\"\n\t\t\t\t\taria-label=\"ABKO Kaptanpa\u015fa Mahallesi Halit Ziya T\u00fcrkkan Sokak Famas Plaza C Blok No:19\/2, 34384 \u015ei\u015fli\/\u0130stanbul\"\n\t\t\t><\/iframe>\n\t\t<\/div>\n\t\t\t\t\t\t<\/div>\n\t\t\t\t<\/div>\n\t\t\t\t\t<\/div>\n\t\t\t\t<\/div>\n\t\t<div class=\"elementor-element elementor-element-740a802 e-flex e-con-boxed e-con e-parent\" data-id=\"740a802\" data-element_type=\"container\">\n\t\t\t\t\t<div class=\"e-con-inner\">\n\t\t\t\t<div class=\"elementor-element elementor-element-7ba11d4 elementor-shape-rounded elementor-grid-0 e-grid-align-center elementor-widget elementor-widget-social-icons\" data-id=\"7ba11d4\" data-element_type=\"widget\" data-widget_type=\"social-icons.default\">\n\t\t\t\t<div class=\"elementor-widget-container\">\n\t\t\t\t\t\t\t<div class=\"elementor-social-icons-wrapper elementor-grid\" role=\"list\">\n\t\t\t\t\t\t\t<span class=\"elementor-grid-item\" role=\"listitem\">\n\t\t\t\t\t<a class=\"elementor-icon elementor-social-icon elementor-social-icon-instagram elementor-repeater-item-ae2545f\" href=\"https:\/\/www.instagram.com\/colornaturelturkiye\/\" target=\"_blank\">\n\t\t\t\t\t\t<span class=\"elementor-screen-only\">Instagram<\/span>\n\t\t\t\t\t\t<svg aria-hidden=\"true\" class=\"e-font-icon-svg e-fab-instagram\" viewBox=\"0 0 448 512\" xmlns=\"http:\/\/www.w3.org\/2000\/svg\"><path d=\"M224.1 141c-63.6 0-114.9 51.3-114.9 114.9s51.3 114.9 114.9 114.9S339 319.5 339 255.9 287.7 141 224.1 141zm0 189.6c-41.1 0-74.7-33.5-74.7-74.7s33.5-74.7 74.7-74.7 74.7 33.5 74.7 74.7-33.6 74.7-74.7 74.7zm146.4-194.3c0 14.9-12 26.8-26.8 26.8-14.9 0-26.8-12-26.8-26.8s12-26.8 26.8-26.8 26.8 12 26.8 26.8zm76.1 27.2c-1.7-35.9-9.9-67.7-36.2-93.9-26.2-26.2-58-34.4-93.9-36.2-37-2.1-147.9-2.1-184.9 0-35.8 1.7-67.6 9.9-93.9 36.1s-34.4 58-36.2 93.9c-2.1 37-2.1 147.9 0 184.9 1.7 35.9 9.9 67.7 36.2 93.9s58 34.4 93.9 36.2c37 2.1 147.9 2.1 184.9 0 35.9-1.7 67.7-9.9 93.9-36.2 26.2-26.2 34.4-58 36.2-93.9 2.1-37 2.1-147.8 0-184.8zM398.8 388c-7.8 19.6-22.9 34.7-42.6 42.6-29.5 11.7-99.5 9-132.1 9s-102.7 2.6-132.1-9c-19.6-7.8-34.7-22.9-42.6-42.6-11.7-29.5-9-99.5-9-132.1s-2.6-102.7 9-132.1c7.8-19.6 22.9-34.7 42.6-42.6 29.5-11.7 99.5-9 132.1-9s102.7-2.6 132.1 9c19.6 7.8 34.7 22.9 42.6 42.6 11.7 29.5 9 99.5 9 132.1s2.7 102.7-9 132.1z\"><\/path><\/svg>\t\t\t\t\t<\/a>\n\t\t\t\t<\/span>\n\t\t\t\t\t\t\t<span class=\"elementor-grid-item\" role=\"listitem\">\n\t\t\t\t\t<a class=\"elementor-icon elementor-social-icon elementor-social-icon-envelope elementor-repeater-item-b75fb06\" href=\"https:\/\/colornaturel.com\/iletisim\/\" target=\"_blank\">\n\t\t\t\t\t\t<span class=\"elementor-screen-only\">Envelope<\/span>\n\t\t\t\t\t\t<svg aria-hidden=\"true\" class=\"e-font-icon-svg e-fas-envelope\" viewBox=\"0 0 512 512\" xmlns=\"http:\/\/www.w3.org\/2000\/svg\"><path d=\"M502.3 190.8c3.9-3.1 9.7-.2 9.7 4.7V400c0 26.5-21.5 48-48 48H48c-26.5 0-48-21.5-48-48V195.6c0-5 5.7-7.8 9.7-4.7 22.4 17.4 52.1 39.5 154.1 113.6 21.1 15.4 56.7 47.8 92.2 47.6 35.7.3 72-32.8 92.3-47.6 102-74.1 131.6-96.3 154-113.7zM256 320c23.2.4 56.6-29.2 73.4-41.4 132.7-96.3 142.8-104.7 173.4-128.7 5.8-4.5 9.2-11.5 9.2-18.9v-19c0-26.5-21.5-48-48-48H48C21.5 64 0 85.5 0 112v19c0 7.4 3.4 14.3 9.2 18.9 30.6 23.9 40.7 32.4 173.4 128.7 16.8 12.2 50.2 41.8 73.4 41.4z\"><\/path><\/svg>\t\t\t\t\t<\/a>\n\t\t\t\t<\/span>\n\t\t\t\t\t<\/div>\n\t\t\t\t\t\t<\/div>\n\t\t\t\t<\/div>\n\t\t\t\t\t<\/div>\n\t\t\t\t<\/div>\n\t\t\t\t<\/div>\n\t\t","protected":false},"excerpt":{"rendered":"<p>ABKO \u0130\u00e7 ve D\u0131\u015f Ticaret Limited \u015eirketi wurde 2006 in der T\u00fcrkei gegr\u00fcndet und hat in kurzer Zeit eine wichtige Position in seinem Sektor erreicht. Dank strategischer Importe aus vielen L\u00e4ndern, vor allem aus Italien, und lokaler Produktionskapazit\u00e4ten hat das Unternehmen seine Produktpalette und sein Betriebsvolumen stetig erweitert. Wir schaffen und entwickeln gemeinsam Haarkultur und [&hellip;]<\/p>\n","protected":false},"author":1,"featured_media":0,"parent":0,"menu_order":0,"comment_status":"closed","ping_status":"closed","template":"","meta":{"footnotes":""},"class_list":["post-5078","page","type-page","status-publish","hentry"],"_links":{"self":[{"href":"https:\/\/colornaturel.com\/de\/wp-json\/wp\/v2\/pages\/5078","targetHints":{"allow":["GET"]}}],"collection":[{"href":"https:\/\/colornaturel.com\/de\/wp-json\/wp\/v2\/pages"}],"about":[{"href":"https:\/\/colornaturel.com\/de\/wp-json\/wp\/v2\/types\/page"}],"author":[{"embeddable":true,"href":"https:\/\/colornaturel.com\/de\/wp-json\/wp\/v2\/users\/1"}],"replies":[{"embeddable":true,"href":"https:\/\/colornaturel.com\/de\/wp-json\/wp\/v2\/comments?post=5078"}],"version-history":[{"count":1,"href":"https:\/\/colornaturel.com\/de\/wp-json\/wp\/v2\/pages\/5078\/revisions"}],"predecessor-version":[{"id":5276,"href":"https:\/\/colornaturel.com\/de\/wp-json\/wp\/v2\/pages\/5078\/revisions\/5276"}],"wp:attachment":[{"href":"https:\/\/colornaturel.com\/de\/wp-json\/wp\/v2\/media?parent=5078"}],"curies":[{"name":"wp","href":"https:\/\/api.w.org\/{rel}","templated":true}]}}