{"id":5018,"date":"2025-02-06T22:13:46","date_gmt":"2025-02-06T19:13:46","guid":{"rendered":"https:\/\/colornaturel.com\/product\/go-platinum-bleichpulver\/"},"modified":"2025-02-06T22:13:46","modified_gmt":"2025-02-06T19:13:46","slug":"go-platinum-bleichpulver","status":"publish","type":"product","link":"https:\/\/colornaturel.com\/de\/product\/go-platinum-bleichpulver\/","title":{"rendered":"Go Platinum Bleichpulver"},"content":{"rendered":"<p>Colour Naturel Go Platinum Hair Lightening Powder wurde entwickelt, um ultraplatinfarbene und kalte T\u00f6ne mit bis zu 9 Nuancen Aufhellungswirkung zu erzielen. Dank seines Gehalts an grauen und silbernen Pigmenten sorgt es f\u00fcr eine maximale Aufhellung und neutralisiert gleichzeitig unerw\u00fcnschte warme T\u00f6ne. Er ist einer unserer bevorzugten \u00d6ffner f\u00fcr den professionellen Einsatz.  <\/p>\n<p><strong>Hauptmerkmale:<\/strong><\/p>\n<ul>\n<li>Ultra-Platin-Ergebnisse mit einer kraftvollen \u00d6ffnungskapazit\u00e4t von bis zu 9 Tonnen.<\/li>\n<li>\u00dcberlegener K\u00fchleffekt dank grauer und silberner Pigmente.<\/li>\n<li>Sorgt f\u00fcr einen gleichm\u00e4\u00dfigen und kontrollierten \u00d6ffnungsvorgang.<\/li>\n<li>F\u00fcr alle Haartypen geeignet, verleiht Glanz, ohne das Haar zu sch\u00e4digen.<\/li>\n<li>Zuverl\u00e4ssige Leistung f\u00fcr den professionellen Einsatz.<\/li>\n<\/ul>\n","protected":false},"excerpt":{"rendered":"<p class=\"p1\">Kaliumpersulfat, Ammoniumpersulfat, Natriummetasilikat, Magnesiumstearat, Magnesiumcarbonat, Siliciumdioxid, Tetranatrium EDTA, Cellulosegummi, Natriumhexametaphosphat, Carbomer, Paraffinum Liquidum, Xanthangummi, Natriumstearat, Parfum, Cl 77499, Cl 15985, Cl 77266.<\/p>\n","protected":false},"featured_media":5019,"comment_status":"closed","ping_status":"closed","template":"","meta":[],"product_brand":[],"product_cat":[160,161],"product_tag":[164,163,162],"class_list":{"0":"post-5018","1":"product","2":"type-product","3":"status-publish","4":"has-post-thumbnail","6":"product_cat-alle-produkte","7":"product_cat-haaraufheller","8":"product_tag-farbe-naturel","9":"product_tag-gelber-haaraufheller","10":"product_tag-professionelle-nutzung","12":"first","13":"instock","14":"shipping-taxable","15":"product-type-simple"},"_links":{"self":[{"href":"https:\/\/colornaturel.com\/de\/wp-json\/wp\/v2\/product\/5018","targetHints":{"allow":["GET"]}}],"collection":[{"href":"https:\/\/colornaturel.com\/de\/wp-json\/wp\/v2\/product"}],"about":[{"href":"https:\/\/colornaturel.com\/de\/wp-json\/wp\/v2\/types\/product"}],"replies":[{"embeddable":true,"href":"https:\/\/colornaturel.com\/de\/wp-json\/wp\/v2\/comments?post=5018"}],"wp:featuredmedia":[{"embeddable":true,"href":"https:\/\/colornaturel.com\/de\/wp-json\/wp\/v2\/media\/5019"}],"wp:attachment":[{"href":"https:\/\/colornaturel.com\/de\/wp-json\/wp\/v2\/media?parent=5018"}],"wp:term":[{"taxonomy":"product_brand","embeddable":true,"href":"https:\/\/colornaturel.com\/de\/wp-json\/wp\/v2\/product_brand?post=5018"},{"taxonomy":"product_cat","embeddable":true,"href":"https:\/\/colornaturel.com\/de\/wp-json\/wp\/v2\/product_cat?post=5018"},{"taxonomy":"product_tag","embeddable":true,"href":"https:\/\/colornaturel.com\/de\/wp-json\/wp\/v2\/product_tag?post=5018"}],"curies":[{"name":"wp","href":"https:\/\/api.w.org\/{rel}","templated":true}]}}