{"id":5023,"date":"2025-02-06T22:15:57","date_gmt":"2025-02-06T19:15:57","guid":{"rendered":"https:\/\/colornaturel.com\/product\/kuehles-blondes-bleaching-pulver\/"},"modified":"2025-02-06T22:15:57","modified_gmt":"2025-02-06T19:15:57","slug":"kuehles-blondes-bleaching-pulver","status":"publish","type":"product","link":"https:\/\/colornaturel.com\/de\/product\/kuehles-blondes-bleaching-pulver\/","title":{"rendered":"K\u00fchles Blondes Bleaching-Pulver"},"content":{"rendered":"<p>Colour Naturel Cool Blonde Hair Lightening Powder wurde speziell entwickelt, um ultrablonde Ergebnisse zu erzielen. Mit seiner wei\u00dfen Aufhellungsstruktur hat es eine Aufhellungskapazit\u00e4t von bis zu 9 T\u00f6nen und kann sicher bei allen Aufhellungsprozessen verwendet werden. Es sorgt f\u00fcr eine gleichm\u00e4\u00dfige und homogene Aufhellung und sch\u00fctzt den nat\u00fcrlichen Glanz des Haares.  <\/p>\n<p><strong>Hauptmerkmale:<\/strong><\/p>\n<ul>\n<li>Ultra-blonde Ergebnisse mit einer starken Aufhellungskapazit\u00e4t von bis zu 9 T\u00f6nen.<\/li>\n<li>Maximale Leistung mit wei\u00dfer Aufhellungsformel.<\/li>\n<li>Ausgewogener und kontrollierter Aufhellungsprozess, der f\u00fcr alle Haartypen geeignet ist.<\/li>\n<li>Minimale Sch\u00e4digung, Erhaltung der nat\u00fcrlichen Struktur des Haares.<\/li>\n<li>Hervorragende Ergebnisse f\u00fcr den professionellen Einsatz.<\/li>\n<\/ul>\n","protected":false},"excerpt":{"rendered":"<p class=\"p1\">Kaliumpersulfat, Ammoniumpersulfat, Natriummetasilikat, Magnesiumstearat, Magnesiumcarbonat, Siliciumdioxid, Tetranatrium-EDTA, Cellulosegummi, Natriumhexametaphosphat, Carbomer, Paraffinum Liquidum, Xanthangummi, Natriumstearat.<\/p>\n","protected":false},"featured_media":5024,"comment_status":"closed","ping_status":"closed","template":"","meta":[],"product_brand":[],"product_cat":[160,161],"product_tag":[164,163,162],"class_list":{"0":"post-5023","1":"product","2":"type-product","3":"status-publish","4":"has-post-thumbnail","6":"product_cat-alle-produkte","7":"product_cat-haaraufheller","8":"product_tag-farbe-naturel","9":"product_tag-gelber-haaraufheller","10":"product_tag-professionelle-nutzung","12":"first","13":"instock","14":"shipping-taxable","15":"product-type-simple"},"_links":{"self":[{"href":"https:\/\/colornaturel.com\/de\/wp-json\/wp\/v2\/product\/5023","targetHints":{"allow":["GET"]}}],"collection":[{"href":"https:\/\/colornaturel.com\/de\/wp-json\/wp\/v2\/product"}],"about":[{"href":"https:\/\/colornaturel.com\/de\/wp-json\/wp\/v2\/types\/product"}],"replies":[{"embeddable":true,"href":"https:\/\/colornaturel.com\/de\/wp-json\/wp\/v2\/comments?post=5023"}],"wp:featuredmedia":[{"embeddable":true,"href":"https:\/\/colornaturel.com\/de\/wp-json\/wp\/v2\/media\/5024"}],"wp:attachment":[{"href":"https:\/\/colornaturel.com\/de\/wp-json\/wp\/v2\/media?parent=5023"}],"wp:term":[{"taxonomy":"product_brand","embeddable":true,"href":"https:\/\/colornaturel.com\/de\/wp-json\/wp\/v2\/product_brand?post=5023"},{"taxonomy":"product_cat","embeddable":true,"href":"https:\/\/colornaturel.com\/de\/wp-json\/wp\/v2\/product_cat?post=5023"},{"taxonomy":"product_tag","embeddable":true,"href":"https:\/\/colornaturel.com\/de\/wp-json\/wp\/v2\/product_tag?post=5023"}],"curies":[{"name":"wp","href":"https:\/\/api.w.org\/{rel}","templated":true}]}}