{"id":5073,"date":"2025-02-15T14:53:35","date_gmt":"2025-02-15T11:53:35","guid":{"rendered":"https:\/\/colornaturel.com\/product\/oxidationsmittel\/"},"modified":"2025-02-15T14:53:35","modified_gmt":"2025-02-15T11:53:35","slug":"oxidationsmittel","status":"publish","type":"product","link":"https:\/\/colornaturel.com\/de\/product\/oxidationsmittel\/","title":{"rendered":"Oxidationsmittel"},"content":{"rendered":"<p data-start=\"0\" data-end=\"399\"><strong data-start=\"0\" data-end=\"30\">I Color Natural Hair Oxidant<\/strong> wurde speziell f\u00fcr professionelle Haarf\u00e4rbeverfahren formuliert. Es bietet ideale L\u00f6sungen f\u00fcr das gew\u00fcnschte Aufhellungs- und Farbergebnis mit verschiedenen Volumenoptionen (5%, 10%, 20%, 30%, 40%). Es sch\u00fctzt die nat\u00fcrliche Struktur des Haares und sorgt daf\u00fcr, dass die Farbpigmente gleichm\u00e4\u00dfig in das Haar eindringen. Dank seiner homogenen Mischung und stabilen Struktur erm\u00f6glicht es eine sichere und kontrollierte Anwendung.   <\/p>\n<h3 data-start=\"401\" data-end=\"426\"><strong data-start=\"405\" data-end=\"424\">Hauptmerkmale:<\/strong><\/h3>\n<p data-start=\"427\" data-end=\"682\" data-is-last-node=\"\">Flexible Anwendung mit verschiedenen Volumenoptionen (5%, 10%, 20%, 30%, 40%)<br data-start=\"500\" data-end=\"503\">\u2714 Ausgewogene Formel, die die nat\u00fcrliche Struktur des Haares bewahrt<br data-start=\"552\" data-end=\"555\">\u2714 Gleichm\u00e4\u00dfige und lang anhaltende Farbergebnisse<br data-start=\"600\" data-end=\"603\">\u2714 Einfaches Mischen und homogenes Auftragen<br data-start=\"642\" data-end=\"645\">\u2714 Ideal f\u00fcr die professionelle Anwendung<\/p>\n","protected":false},"excerpt":{"rendered":"<p>Aqua (Wasser), Hydrogen Peroxide, Cetearyl Alcohol, Ceteareth-30, Paraffinum Liquidum (Mineral\u00f6l), Lauryl Alcohol, Parfum (Duft), Myristyl Alcohol, Hexyldecyl Laurate, Hexyldecanol, Etidronic Acid, Linalool, Tetrasodium EDTA, Oxyquinoline Sulfate, Simethicone, Ceteareth-20, Laureth-3, Propylene Glycol, Hydrolysed Silk, Phenoxyethanol, Tetrasodium Glutamate Diacetate, Ethylhexylglycerin.<\/p>\n","protected":false},"featured_media":5076,"comment_status":"open","ping_status":"closed","template":"","meta":[],"product_brand":[],"product_cat":[160,167],"product_tag":[],"class_list":{"0":"post-5073","1":"product","2":"type-product","3":"status-publish","4":"has-post-thumbnail","6":"product_cat-alle-produkte","7":"product_cat-haarpflege","9":"first","10":"instock","11":"shipping-taxable","12":"product-type-simple"},"_links":{"self":[{"href":"https:\/\/colornaturel.com\/de\/wp-json\/wp\/v2\/product\/5073","targetHints":{"allow":["GET"]}}],"collection":[{"href":"https:\/\/colornaturel.com\/de\/wp-json\/wp\/v2\/product"}],"about":[{"href":"https:\/\/colornaturel.com\/de\/wp-json\/wp\/v2\/types\/product"}],"replies":[{"embeddable":true,"href":"https:\/\/colornaturel.com\/de\/wp-json\/wp\/v2\/comments?post=5073"}],"wp:featuredmedia":[{"embeddable":true,"href":"https:\/\/colornaturel.com\/de\/wp-json\/wp\/v2\/media\/5076"}],"wp:attachment":[{"href":"https:\/\/colornaturel.com\/de\/wp-json\/wp\/v2\/media?parent=5073"}],"wp:term":[{"taxonomy":"product_brand","embeddable":true,"href":"https:\/\/colornaturel.com\/de\/wp-json\/wp\/v2\/product_brand?post=5073"},{"taxonomy":"product_cat","embeddable":true,"href":"https:\/\/colornaturel.com\/de\/wp-json\/wp\/v2\/product_cat?post=5073"},{"taxonomy":"product_tag","embeddable":true,"href":"https:\/\/colornaturel.com\/de\/wp-json\/wp\/v2\/product_tag?post=5073"}],"curies":[{"name":"wp","href":"https:\/\/api.w.org\/{rel}","templated":true}]}}